{"id":326,"date":"2024-09-12T10:40:48","date_gmt":"2024-09-12T08:40:48","guid":{"rendered":"https:\/\/www.velosophie-chambery.com\/?page_id=326"},"modified":"2025-01-10T14:11:02","modified_gmt":"2025-01-10T13:11:02","slug":"accueil-test","status":"publish","type":"page","link":"https:\/\/www.velosophie-chambery.com\/index.php\/accueil-test\/","title":{"rendered":"Contacts"},"content":{"rendered":"<p><\/p>\n<!--themify_builder_content-->\n<div id=\"themify_builder_content-326\" data-postid=\"326\" class=\"themify_builder_content themify_builder_content-326 themify_builder tf_clear\">\n    \t\t\t\t<!-- module_row -->\n\t\t<div  data-css_id=\"6804f1f\" data-lazy=\"1\" class=\"module_row themify_builder_row fullheight fullwidth_row_container tb_6804f1f tb_first tf_w tf_clearfix\">\n\t\t\t\t\t<div class=\"row_inner col_align_middle tb_col_count_1 tf_box tf_rel\">\n\t\t\t\t\t<div  data-lazy=\"1\" class=\"module_column tb-column col-full tb_229b3ce first\">\n\t\t\t\t\t\t\t\t\t<div class=\"tb-column-inner tf_box tf_w\">\n\t\t\t\t<!-- module text -->\n<div  class=\"module module-text tb_265fb72  repeat \" data-lazy=\"1\">\n        <div  class=\"tb_text_wrap\">\n    <h1><span style=\"font-weight: bold;\">V\u00e9losophie<\/span><\/h1>    <\/div>\n<\/div>\n<!-- \/module text --><!-- module text -->\n<div  class=\"module module-text tb_d50c126  repeat \" data-lazy=\"1\">\n        <div  class=\"tb_text_wrap\">\n    <h4><span style=\"font-weight: bold;\">Votre nouveau magasin de v\u00e9lo Specialized \u00e0 Chamb\u00e9ry<\/span><\/h4>    <\/div>\n<\/div>\n<!-- \/module text --><!-- module text -->\n<div  class=\"module module-text tb_udca683  repeat \" data-lazy=\"1\">\n        <div  class=\"tb_text_wrap\">\n    <p>455 Avenue de Chamb\u00e9ry<br>73230 Saint-Alban-Leysse<\/p>    <\/div>\n<\/div>\n<!-- \/module text -->\t\t\t\t<\/div><!-- .tb-column-inner -->\n\t\t\t\t\t\t<\/div><!-- .module_column -->\n\t\t\t\t\t\t<\/div><!-- .row_inner -->\n\t\t<\/div><!-- .module_row -->\n\t\t\t\t\t\t\t\t<!-- module_row -->\n\t\t<div  data-css_id=\"aa3ff4e\" data-lazy=\"1\" class=\"module_row themify_builder_row fullheight fullwidth_row_container tb_aa3ff4e tf_w tf_clearfix\">\n\t\t\t\t\t<div class=\"row_inner col_align_middle tb_col_count_1 tf_box tf_rel\">\n\t\t\t\t\t<div  data-lazy=\"1\" class=\"module_column tb-column col-full tb_d1b12bc first\">\n\t\t\t\t\t\t\t<\/div><!-- .module_column -->\n\t\t\t\t\t\t<\/div><!-- .row_inner -->\n\t\t<\/div><!-- .module_row -->\n\t\t\t\t\t\t\t\t<!-- module_row -->\n\t\t<div  data-css_id=\"g4n0270\" data-lazy=\"1\" class=\"module_row themify_builder_row fullheight fullwidth_row_container tb_g4n0270 tf_w tf_clearfix\">\n\t\t\t\t\t<div class=\"row_inner col_align_middle tb_col_count_1 tf_box tf_rel\">\n\t\t\t\t\t<div  data-lazy=\"1\" class=\"module_column tb-column col-full tb_j7we271 first\">\n\t\t\t\t\t\t\t<\/div><!-- .module_column -->\n\t\t\t\t\t\t<\/div><!-- .row_inner -->\n\t\t<\/div><!-- .module_row -->\n\t\t\t\t\t\t\t\t<!-- module_row -->\n\t\t<div  data-css_id=\"m9m4142\" data-lazy=\"1\" class=\"module_row themify_builder_row fullheight fullwidth_row_container tb_m9m4142 tf_w tf_clearfix\">\n\t\t\t\t\t<div class=\"row_inner col_align_middle tb_col_count_1 tf_box tf_rel\">\n\t\t\t\t\t<div  data-lazy=\"1\" class=\"module_column tb-column col-full tb_0zoy142 first\">\n\t\t\t\t\t\t\t<\/div><!-- .module_column -->\n\t\t\t\t\t\t<\/div><!-- .row_inner -->\n\t\t<\/div><!-- .module_row -->\n\t\t\t\t<\/div>\n<!--\/themify_builder_content-->\n\n\n<p><\/p>","protected":false},"excerpt":{"rendered":"","protected":false},"author":3,"featured_media":0,"parent":0,"menu_order":0,"comment_status":"closed","ping_status":"closed","template":"","meta":{"footnotes":""},"class_list":["post-326","page","type-page","status-publish","hentry","has-post-title","has-post-date","has-post-category","has-post-tag","has-post-comment","has-post-author",""],"builder_content":"<h1>V\u00e9losophie<\/h1>\n<h4>Votre nouveau magasin de v\u00e9lo Specialized \u00e0 Chamb\u00e9ry<\/h4>\n<p>455 Avenue de Chamb\u00e9ry<br>73230 Saint-Alban-Leysse<\/p>","_links":{"self":[{"href":"https:\/\/www.velosophie-chambery.com\/index.php\/wp-json\/wp\/v2\/pages\/326","targetHints":{"allow":["GET"]}}],"collection":[{"href":"https:\/\/www.velosophie-chambery.com\/index.php\/wp-json\/wp\/v2\/pages"}],"about":[{"href":"https:\/\/www.velosophie-chambery.com\/index.php\/wp-json\/wp\/v2\/types\/page"}],"author":[{"embeddable":true,"href":"https:\/\/www.velosophie-chambery.com\/index.php\/wp-json\/wp\/v2\/users\/3"}],"replies":[{"embeddable":true,"href":"https:\/\/www.velosophie-chambery.com\/index.php\/wp-json\/wp\/v2\/comments?post=326"}],"version-history":[{"count":6,"href":"https:\/\/www.velosophie-chambery.com\/index.php\/wp-json\/wp\/v2\/pages\/326\/revisions"}],"predecessor-version":[{"id":372,"href":"https:\/\/www.velosophie-chambery.com\/index.php\/wp-json\/wp\/v2\/pages\/326\/revisions\/372"}],"wp:attachment":[{"href":"https:\/\/www.velosophie-chambery.com\/index.php\/wp-json\/wp\/v2\/media?parent=326"}],"curies":[{"name":"wp","href":"https:\/\/api.w.org\/{rel}","templated":true}]}}